{"id":15,"date":"2022-05-09T12:34:04","date_gmt":"2022-05-09T12:34:04","guid":{"rendered":"https:\/\/laatstgezien.nl\/?page_id=15"},"modified":"2022-06-22T11:22:11","modified_gmt":"2022-06-22T11:22:11","slug":"accounts-regelen","status":"publish","type":"page","link":"https:\/\/laatstgezien.nl\/index.php\/accounts-regelen\/","title":{"rendered":"Profielen regelen"},"content":{"rendered":"\n<figure class=\"wp-block-image size-large\"><img loading=\"lazy\" decoding=\"async\" width=\"2560\" height=\"1440\" src=\"https:\/\/laatstgezien.nl\/wp-content\/uploads\/2022\/05\/Untitled_Artwork-5-1-edited-scaled.jpg\" alt=\"\" class=\"wp-image-607\" srcset=\"https:\/\/laatstgezien.nl\/wp-content\/uploads\/2022\/05\/Untitled_Artwork-5-1-edited-scaled.jpg 2560w, https:\/\/laatstgezien.nl\/wp-content\/uploads\/2022\/05\/Untitled_Artwork-5-1-edited-300x169.jpg 300w, https:\/\/laatstgezien.nl\/wp-content\/uploads\/2022\/05\/Untitled_Artwork-5-1-edited-1024x576.jpg 1024w, https:\/\/laatstgezien.nl\/wp-content\/uploads\/2022\/05\/Untitled_Artwork-5-1-edited-768x432.jpg 768w, https:\/\/laatstgezien.nl\/wp-content\/uploads\/2022\/05\/Untitled_Artwork-5-1-edited-1536x864.jpg 1536w, https:\/\/laatstgezien.nl\/wp-content\/uploads\/2022\/05\/Untitled_Artwork-5-1-edited-2048x1152.jpg 2048w\" sizes=\"auto, (max-width: 2560px) 100vw, 2560px\" \/><\/figure>\n\n\n\n<hr class=\"wp-block-separator has-text-color has-white-color has-css-opacity has-white-background-color has-background is-style-wide\"\/>\n\n\n\n<p class=\"has-medium-font-size\">Het is verboden om in te loggen op accounts van overledenen. Hoe kan je dan toch het account laten verwijderen of omzetten naar een herdenkingspagina? Veel social mediabedrijven hebben daarvoor een formulier gemaakt, dat ingevuld kan worden door een nabestaande. Daarna wordt het account door het bedrijf verwijderd of veranderd naar een herdenkingspagina. Hieronder staan een aantal formulieren gelinkt.<\/p>\n\n\n\n<h2 class=\"wp-block-heading\">Financi\u00eble profielen<\/h2>\n\n\n\n<span class=\"collapseomatic \" id=\"id69e7912ebec01\"  tabindex=\"0\" title=\"Bankieren\"    >Bankieren<\/span><div id=\"target-id69e7912ebec01\" class=\"collapseomatic_content \"> Vaak moet je als nabestaande de bankzaken van een overleden dierbare regelen. Het is belangrijk dat je dan toegang tot de rekening hebt. Dit gaat echter niet zomaar. Wanneer je het overlijden van een dierbare aan een bank meldt en toegang <br> wilt krijgen tot de rekening, wil de bank eerst een aantal documenten ontvangen. Dit geldt ook wanneer je een rekening <br> van je overleden dierbare wil be\u00ebindigen of op \u00e9\u00e9n naam wilt zetten. Houd er wel rekening mee dat je aan dit papierwerk niet ontkomt door iemand te machtigen.<\/p>\n\n\n<div class=\"ub-buttons align-button-center\"  id=\"ub-button-e04d329f-aa86-41fc-9bec-e6178d27879b\"><div class=\"ub-button-container\">\n    <a href=\"https:\/\/laatstgezien.nl\/index.php\/bankieren\/\" target=\"_self\"\n    rel=\"noopener noreferrer nofollow\"\n    class=\"ub-button-block-main ub-button-large ub-button-flex-large\" role=\"button\">\n    <div class=\"ub-button-content-holder\"><span class=\"ub-button-block-btn\">Lees meer<\/span>\n    <\/div><\/a><\/div><\/div>\n\n\n<hr class=\"wp-block-separator has-text-color has-white-color has-css-opacity has-white-background-color has-background is-style-wide\"\/>\n\n\n\n<\/div>\n\n\n\n<span class=\"collapseomatic \" id=\"id69e7912ebec4b\"  tabindex=\"0\" title=\"Beleggingen\"    >Beleggingen<\/span><div id=\"target-id69e7912ebec4b\" class=\"collapseomatic_content \"> Als je obligaties of aandelen bezit, loopt daarvoor meestal een rekening bij een bank. Deze rekening wordt geblokkeerd na overlijden. Om als nabestaande de obligaties of aandelen bijvoorbeeld te kunnen verkopen, is een verklaring van executele <br> of een verklaring van erfrecht nodig.<\/p>\n\n\n\n<\/div>\n\n\n\n<span class=\"collapseomatic \" id=\"id69e7912ebec66\"  tabindex=\"0\" title=\"Cryptovaluta\"    >Cryptovaluta<\/span><div id=\"target-id69e7912ebec66\" class=\"collapseomatic_content \"> Na het overlijden van een cryptobezitter, worden de cryptotegoeden nagelaten volgens de wensen die de eigenaar in zijn of haar testament heeft gezet. Wanneer je geen testament opgemaakt hebt, worden de cryptotegoeden nagelaten volgens het Erfrecht. Wil je hier een beroep op doen, dan moet je dit <br> zelf aangeven bij de gezamenlijke erfgenamen, boedelnotaris <br> of executeur. Ook over crypto\u2019s betaal je erfbelasting. De crypto\u2019s <br> die je ge\u00ebrfd hebt, kunnen direct verkocht worden. Wanneer je <br> een bedrag groter dan \u20ac10.000,- hebt ge\u00ebrfd, is het wel nodig <br> om een traderaccount aan te maken. Dit heeft te maken met <br> de verificatie van de herkomst van de munten. Onthoud dat <br> wanneer je cryptomunten wilt doorgeven, de private key wel bekend moet zijn bij een vertrouwenspersoon. Wanneer de <br> private key onbekend is na jouw overlijden, kan niemand meer bij jouw munten. Het verwijderen van accounts kan vaak via de accountinstellingen. Hiervoor zijn wel inloggegevens nodig. Zorg dat het resterende saldo is opgenomen voordat je het account verwijderd. Anders gaat het verloren.<\/p>\n\n\n\n<hr class=\"wp-block-separator has-text-color has-white-color has-css-opacity has-white-background-color has-background is-style-wide\"\/>\n\n\n\n<hr class=\"wp-block-separator has-text-color has-white-color has-css-opacity has-white-background-color has-background is-style-wide\"\/>\n\n\n\n<\/div>\n\n\n\n<hr class=\"wp-block-separator has-text-color has-white-color has-css-opacity has-white-background-color has-background is-style-wide\"\/>\n\n\n\n<hr class=\"wp-block-separator has-text-color has-css-opacity has-background is-style-wide\" style=\"background-color:#d8e3ec;color:#d8e3ec\"\/>\n\n\n\n<h2 class=\"wp-block-heading\">Overheid profielen<\/h2>\n\n\n\n<span class=\"collapseomatic \" id=\"id69e7912ebec7b\"  tabindex=\"0\" title=\"DigiD\"    >DigiD<\/span><div id=\"target-id69e7912ebec7b\" class=\"collapseomatic_content \"> Over het algemeen hoeft er niks met het DigiD account gedaan <br> te worden na het overlijden van een dierbare. Bij de overheid is <br> het al bekend wanneer iemand overleden is. Na drie jaar <br> inactiviteit wordt het account vanzelf verwijderd. Mocht je toch <br> het account willen verwijderen om bijvoorbeeld identiteitsfraude <br> te voorkomen, dan kan dat door schriftelijk of telefonisch een verzoek daartoe in te dienen bij DigiD.<\/p>\n\n\n<div class=\"ub-buttons align-button-center\"  id=\"ub-button-e6b06ea6-158c-4503-8676-e6dca61f1fcc\"><div class=\"ub-button-container\">\n    <a href=\"https:\/\/www.digid.nl\/hulp\" target=\"_blank\"\n    rel=\"noopener noreferrer nofollow\"\n    class=\"ub-button-block-main ub-button-large ub-button-flex-large\" role=\"button\">\n    <div class=\"ub-button-content-holder\"><span class=\"ub-button-block-btn\">Lees meer<\/span>\n    <\/div><\/a><\/div><\/div>\n\n\n<\/div>\n\n\n\n<hr class=\"wp-block-separator has-text-color has-white-color has-css-opacity has-white-background-color has-background is-style-wide\"\/>\n\n\n\n<hr class=\"wp-block-separator has-text-color has-alpha-channel-opacity has-background is-style-wide\" style=\"background-color:#d8e3ec;color:#d8e3ec\"\/>\n\n\n\n<h2 class=\"wp-block-heading\">Social mediaprofielen<\/h2>\n\n\n\n<span class=\"collapseomatic \" id=\"id69e7912ebec8f\"  tabindex=\"0\" title=\"Facebook\"    >Facebook<\/span><div id=\"target-id69e7912ebec8f\" class=\"collapseomatic_content \"> Er zijn verschillende stappen die ondernomen kunnen worden wanneer een dierbare is overleden. Je kan namelijk als nabestaande ervoor zorgen dat het account van je overleden dierbare een herdenkingspagina wordt, maar je kan er ook voor kiezen om het account te verwijderen als nabestaande. Dit kan gedaan worden door middel van een formulier op de website van Facebook zelf. <br>  Daarnaast heeft Facebook ook de mogelijkheid om voortijdig <br> een contactpersoon aan te wijzen die na jouw overlijden jouw pagina kan beheren en eventueel jouw posts kan downloaden. Jouw profiel wordt dan omgezet naar een herdenkingspagina, maar je kan er ook voor kiezen om jouw pagina te laten verwijderen na jouw overlijden. Wanneer jouw pagina is omgezet naar een herdenkingspagina, zal Facebook geen herinnering van jouw verjaardag naar jouw vrienden sturen.<\/p>\n\n\n<div class=\"ub-buttons align-button-center\"  id=\"ub-button-3ee0095e-3a42-4a03-ae17-f0e344aea8d4\"><div class=\"ub-button-container\">\n    <a href=\"https:\/\/www.facebook.com\/help\/contact\/651319028315841\" target=\"_blank\"\n    rel=\"noopener noreferrer nofollow\"\n    class=\"ub-button-block-main ub-button-medium ub-button-flex-medium\" role=\"button\">\n    <div class=\"ub-button-content-holder\"><span class=\"ub-button-block-btn\">Voor een ander<\/span>\n    <\/div><\/a><\/div><div class=\"ub-button-container\">\n    <a href=\"https:\/\/www.facebook.com\/settings?tab=account&#038;section=account_management&#038;view\" target=\"_blank\"\n    rel=\"noopener noreferrer nofollow\"\n    class=\"ub-button-block-main ub-button-medium ub-button-flex-medium\" role=\"button\">\n    <div class=\"ub-button-content-holder\"><span class=\"ub-button-block-btn\">Voor mezelf<\/span>\n    <\/div><\/a><\/div><\/div>\n\n\n<hr class=\"wp-block-separator has-text-color has-white-color has-css-opacity has-white-background-color has-background is-style-wide\"\/>\n\n\n<p><\/p>\n\n\n<\/div>\n\n\n\n<span class=\"collapseomatic \" id=\"id69e7912ebec9f\"  tabindex=\"0\" title=\"Instagram\"    >Instagram<\/span><div id=\"target-id69e7912ebec9f\" class=\"collapseomatic_content \"> Op Instagram is het nog niet mogelijk om een contactpersoon <br> aan te wijzen die na jouw overlijden jouw account kan beheren. Wel kan er door jouw nabestaanden een herdenkingspagina worden gemaakt van jouw account als je bent overleden. <br> Er komt dan &#8220;Ter nagedachtenis van&#8221; achter de accountnaam <br> te staan. Ook op Instagram is het mogelijk om als nabestaande <br> het account van jouw overleden dierbare te verwijderen.<\/p>\n\n\n<div class=\"ub-buttons align-button-center\"  id=\"ub-button-0e3629d7-5549-406f-9f93-3549d195eb3e\"><div class=\"ub-button-container\">\n    <a href=\"https:\/\/help.instagram.com\/contact\/452224988254813\" target=\"_blank\"\n    rel=\"noopener noreferrer nofollow\"\n    class=\"ub-button-block-main ub-button-medium ub-button-flex-medium\" role=\"button\">\n    <div class=\"ub-button-content-holder\"><span class=\"ub-button-block-btn\">Herdenkingsstatus<\/span>\n    <\/div><\/a><\/div><div class=\"ub-button-container\">\n    <a href=\"https:\/\/help.instagram.com\/contact\/1474899482730688\" target=\"_blank\"\n    rel=\"noopener noreferrer nofollow\"\n    class=\"ub-button-block-main ub-button-medium ub-button-flex-medium\" role=\"button\">\n    <div class=\"ub-button-content-holder\"><span class=\"ub-button-block-btn\">Verwijderen<\/span>\n    <\/div><\/a><\/div><\/div>\n\n\n<hr class=\"wp-block-separator has-text-color has-white-color has-css-opacity has-white-background-color has-background is-style-wide\"\/>\n\n\n\n<\/div>\n\n\n\n<span class=\"collapseomatic \" id=\"id69e7912ebecad\"  tabindex=\"0\" title=\"LinkedIn\"    >LinkedIn<\/span><div id=\"target-id69e7912ebecad\" class=\"collapseomatic_content \"> Op LinkedIn is er geen mogelijkheid om een profiel te <br> herdenken. Wel kan er bijvoorbeeld &#8216;In Memoriam&#8217; voor de <br> naam gezet worden. LinkedIn kan wel accounts voor je verwijderen. Dit kan net zoals Instagram en Facebook door <br> middel van een formulier. <\/p>\n\n\n<div class=\"ub-buttons align-button-center\"  id=\"ub-button-82487413-c955-490b-8f3f-ffbfe09355ae\"><div class=\"ub-button-container\">\n    <a href=\"https:\/\/www.linkedin.com\/help\/linkedin\/ask\/ts-rdmlp\" target=\"_blank\"\n    rel=\"noopener noreferrer nofollow\"\n    class=\"ub-button-block-main ub-button-medium ub-button-flex-medium\" role=\"button\">\n    <div class=\"ub-button-content-holder\"><span class=\"ub-button-block-btn\">Verwijderen<\/span>\n    <\/div><\/a><\/div><\/div>\n\n\n<hr class=\"wp-block-separator has-text-color has-white-color has-css-opacity has-white-background-color has-background is-style-wide\"\/>\n\n\n\n<\/div>\n\n\n\n<span class=\"collapseomatic \" id=\"id69e7912ebecbc\"  tabindex=\"0\" title=\"Twitter\"    >Twitter<\/span><div id=\"target-id69e7912ebecbc\" class=\"collapseomatic_content \"> Twitter biedt nabestaanden geen mogelijkheid om een herdenkingspagina te maken van een account van een dierbare. Wel is het mogelijk om een account te laten verwijderen. Ook Twitter heeft hier een formulier voor ontwikkeld. Dit formulier is echter wel alleen in het Engels beschikbaar.<\/p>\n\n\n<div class=\"ub-buttons align-button-center\"  id=\"ub-button-ad2f6d1f-0fa3-4379-b8d7-5390f90497ef\"><div class=\"ub-button-container\">\n    <a href=\"https:\/\/help.twitter.com\/nl\/forms\/account-access\/deactivate-or-close-account\/deactivate-account-for-deceased#:~:text=Als%20de%20eigenaar%20van%20een,mogelijk%20contact%20met%20je%20op.\" target=\"_blank\"\n    rel=\"noopener noreferrer nofollow\"\n    class=\"ub-button-block-main ub-button-medium ub-button-flex-medium\" role=\"button\">\n    <div class=\"ub-button-content-holder\"><span class=\"ub-button-block-btn\">Verwijderen<\/span>\n    <\/div><\/a><\/div><\/div>\n\n\n<hr class=\"wp-block-separator has-text-color has-white-color has-css-opacity has-white-background-color has-background is-style-wide\"\/>\n\n\n\n<\/div>\n\n\n\n<hr class=\"wp-block-separator has-text-color has-white-color has-css-opacity has-white-background-color has-background is-style-wide\"\/>\n\n\n\n<hr class=\"wp-block-separator has-text-color has-css-opacity has-background is-style-wide\" style=\"background-color:#d8e3ec;color:#d8e3ec\"\/>\n\n\n\n<h2 class=\"wp-block-heading\">Online profielen<\/h2>\n\n\n\n<span class=\"collapseomatic \" id=\"id69e7912ebecd7\"  tabindex=\"0\" title=\"Apple\"    >Apple<\/span><div id=\"target-id69e7912ebecd7\" class=\"collapseomatic_content \"> Apple heeft een mogelijkheid in het besturingssysteem iOs 15 gebouwd, namelijk het aanwijzen van een &#8216;erfeniscontact&#8217;. Deze persoon krijgt van Apple een sleutel, waarmee hij\/zij bij de documenten, foto&#8217;s en video&#8217;s die op het Apple device van de overleden persoon staan kan. Het aanwijzen van een een <br> erfeniscontact kan via instellingen op het Apple device. <\/p>\n\n\n\n<hr class=\"wp-block-separator has-text-color has-white-color has-css-opacity has-white-background-color has-background is-style-wide\"\/>\n\n\n\n<\/div>\n\n\n\n<span class=\"collapseomatic \" id=\"id69e7912ebeceb\"  tabindex=\"0\" title=\"Google\"    >Google<\/span><div id=\"target-id69e7912ebeceb\" class=\"collapseomatic_content \"> Googlegebruikers kunnen inactiviteitsvoorkeuren invoeren. Daarmee kan je als gebruiker een persoon aanwijzen die door Google ingelicht wordt als jij een bepaalde tijd niet meer actief bent geweest op verschillende Google-diensten, zoals YouTube, Gmail, Android en Google Drive. Google zal dan de door jou aangewezen persoon een mail sturen en toegang geven tot de <br> Google-diensten die jij gebruikt.<\/p>\n\n\n<div class=\"ub-buttons align-button-center\"  id=\"ub-button-0d95ca5e-8c18-4a31-9820-49d20ad8a98b\"><div class=\"ub-button-container\">\n    <a href=\"https:\/\/support.google.com\/accounts\/answer\/3036546?hl=nl\" target=\"_blank\"\n    rel=\"noopener noreferrer nofollow\"\n    class=\"ub-button-block-main ub-button-medium ub-button-flex-medium\" role=\"button\">\n    <div class=\"ub-button-content-holder\"><span class=\"ub-button-block-btn\">Inactiviteitsvoorkeuren<\/span>\n    <\/div><\/a><\/div><\/div>\n\n\n<hr class=\"wp-block-separator has-text-color has-white-color has-css-opacity has-white-background-color has-background is-style-wide\"\/>\n\n\n\n<\/div>\n\n\n\n<span class=\"collapseomatic \" id=\"id69e7912ebecf7\"  tabindex=\"0\" title=\"Microsoft\"    >Microsoft<\/span><div id=\"target-id69e7912ebecf7\" class=\"collapseomatic_content \"> Bijna iedereen met een computer heeft wel een Microsoft officepakket of Outlook voor hun mail. Het is  voor nabestaanden erg lastig om van Microsoft toegang te krijgen tot jouw devices, documenten en e-mails, omdat Microsoft de privacy van haar klanten wil waarborgen (\u00f3\u00f3k als ze zijn overleden). Na twee jaar inactiviteit wordt een Microsoftaccount automatisch verwijderd. Wel kan je als nabestaande bij Microsoft een verzoek indienen <br> om toegang te krijgen tot een account van jouw dierbare.<\/p>\n\n\n<div class=\"ub-buttons align-button-center\"  id=\"ub-button-ccdfa84e-2de7-4e91-8837-9df080d4922b\"><div class=\"ub-button-container\">\n    <a href=\"https:\/\/support.microsoft.com\/nl-nl\/office\/toegang-krijgen-tot-outlook-com-onedrive-en-andere-microsoft-services-wanneer-iemand-is-gestorven-ebbd2860-917e-4b39-9913-212362da6b2f?ui=nl-nl&#038;rs=nl-nl&#038;ad=nl\" target=\"_blank\"\n    rel=\"noopener noreferrer nofollow\"\n    class=\"ub-button-block-main ub-button-medium ub-button-flex-medium\" role=\"button\">\n    <div class=\"ub-button-content-holder\"><span class=\"ub-button-block-btn\">Verzoek tot toegang<\/span>\n    <\/div><\/a><\/div><\/div>\n\n\n<hr class=\"wp-block-separator has-text-color has-white-color has-css-opacity has-white-background-color has-background is-style-wide\"\/>\n\n\n\n<hr class=\"wp-block-separator has-text-color has-white-color has-css-opacity has-white-background-color has-background is-style-wide\"\/>\n\n\n\n<\/div>\n\n\n<p><\/p>\n\n\n<hr class=\"wp-block-separator has-text-color has-white-color has-css-opacity has-white-background-color has-background is-style-wide\"\/>\n\n\n\n<hr class=\"wp-block-separator has-text-color has-background has-white-background-color has-white-color is-style-wide\"\/>\n<!-- \/wp:separator --\n","protected":false},"excerpt":{"rendered":"<p>Het is verboden om in te loggen op accounts van overledenen. Hoe kan je dan toch het account laten verwijderen of omzetten naar een&#8230;<\/p>\n","protected":false},"author":1,"featured_media":0,"parent":0,"menu_order":0,"comment_status":"closed","ping_status":"closed","template":"","meta":{"ub_ctt_via":"","footnotes":""},"class_list":["post-15","page","type-page","status-publish","hentry"],"featured_image_src":null,"_links":{"self":[{"href":"https:\/\/laatstgezien.nl\/index.php\/wp-json\/wp\/v2\/pages\/15","targetHints":{"allow":["GET"]}}],"collection":[{"href":"https:\/\/laatstgezien.nl\/index.php\/wp-json\/wp\/v2\/pages"}],"about":[{"href":"https:\/\/laatstgezien.nl\/index.php\/wp-json\/wp\/v2\/types\/page"}],"author":[{"embeddable":true,"href":"https:\/\/laatstgezien.nl\/index.php\/wp-json\/wp\/v2\/users\/1"}],"replies":[{"embeddable":true,"href":"https:\/\/laatstgezien.nl\/index.php\/wp-json\/wp\/v2\/comments?post=15"}],"version-history":[{"count":279,"href":"https:\/\/laatstgezien.nl\/index.php\/wp-json\/wp\/v2\/pages\/15\/revisions"}],"predecessor-version":[{"id":817,"href":"https:\/\/laatstgezien.nl\/index.php\/wp-json\/wp\/v2\/pages\/15\/revisions\/817"}],"wp:attachment":[{"href":"https:\/\/laatstgezien.nl\/index.php\/wp-json\/wp\/v2\/media?parent=15"}],"curies":[{"name":"wp","href":"https:\/\/api.w.org\/{rel}","templated":true}]}}